{"id":1456,"date":"2022-12-08T11:45:39","date_gmt":"2022-12-08T11:45:39","guid":{"rendered":"http:\/\/escom-project.de\/?page_id=1456"},"modified":"2024-07-01T09:42:36","modified_gmt":"2024-07-01T09:42:36","slug":"usecase-2","status":"publish","type":"page","link":"https:\/\/escom-project.de\/en\/usecase-2\/","title":{"rendered":"Anwendungsfall 1 (Berger)"},"content":{"rendered":"<div class=\"wp-block-columns dix-col-100 is-layout-flex wp-container-core-columns-is-layout-9d6595d7 wp-block-columns-is-layout-flex\">\n<div class=\"wp-block-column is-layout-flow wp-block-column-is-layout-flow\">\n<h3 class=\"wp-block-heading\" id=\"usecase-promicron-individualisiertes-kpidashboard-207b4fa0-a3b3-4de2-a348-fed4ead41d83\"><strong>Use case Berger Holding GmbH &amp; Co. KG: Ball screw drive and edge cloud environments<\/strong><\/h3>\n\n\n<div class=\"wp-block-image\">\n<figure class=\"aligncenter size-full\"><img loading=\"lazy\" decoding=\"async\" width=\"842\" height=\"595\" src=\"https:\/\/escom-project.de\/wp-content\/uploads\/2024\/05\/Escom-Grafik3.png\" alt=\"\" class=\"wp-image-2348\" srcset=\"https:\/\/escom-project.de\/wp-content\/uploads\/2024\/05\/Escom-Grafik3.png 842w, https:\/\/escom-project.de\/wp-content\/uploads\/2024\/05\/Escom-Grafik3-300x212.png 300w, https:\/\/escom-project.de\/wp-content\/uploads\/2024\/05\/Escom-Grafik3-768x543.png 768w, https:\/\/escom-project.de\/wp-content\/uploads\/2024\/05\/Escom-Grafik3-18x12.png 18w\" sizes=\"auto, (max-width: 842px) 100vw, 842px\" \/><\/figure>\n<\/div>\n\n\n<p>Edge cloud environments offer enormous potential for new business models in the manufacturing industry. Large volumes of data generated during production can be processed and distributed in a decentralised manner to deliver immediate added value. The use case of Berger Holding GmbH &amp; Co. KG's use case within the ESCOM research project uses a ball screw drive to demonstrate how microelectronics and sensor technology can provide valuable data on the condition of the component during the production process.<\/p>\n\n\n\n<p>The ESCOM research project is tasked with making this data edge-capable and integrating it into a secure, resilient data and service ecosystem. This technology should make it possible to carry out condition analyses and process optimisations in order to prevent unplanned machine downtimes and reduce waste.<\/p>\n\n\n\n<p><strong>Two digital service models for ball screws:<\/strong><\/p>\n\n\n\n<ol class=\"grey-message wp-block-list\">\n<li><strong>Status analysis:<\/strong>\n<ul class=\"wp-block-list\">\n<li>Regular comparison runs determine the condition and the remaining running time (RUL) of the ball screw.<\/li>\n\n\n\n<li>Sensors transmit the measurement data to an edge device, which is analysed using an AI service.<\/li>\n\n\n\n<li>Machine users receive a condition report describing wear and RUL to enable timely maintenance and avoid costly breakdowns.<\/li>\n<\/ul>\n<\/li>\n\n\n\n<li><strong>Process optimisation:<\/strong>\n<ul class=\"wp-block-list\">\n<li>Data on components and machining processes are uploaded to the asset administration shell and analysed.<\/li>\n\n\n\n<li>Optimisation suggestions for specific processes and product recommendations for replacing the ball screw are provided.<\/li>\n\n\n\n<li>Component manufacturers such as Berger benefit from cross-company data exchange in order to optimise ball screw drives in terms of lubricant consumption and maintenance and to determine requirements in the field.<\/li>\n<\/ul>\n<\/li>\n<\/ol>\n\n\n\n<p>Combining ball screws with edge cloud environments promotes a sustainable and efficient production process that both reduces costs and increases the quality of the manufactured parts.<\/p>\n\n\n\n<div class=\"wp-block-uagb-buttons uagb-buttons__outer-wrap uagb-btn__default-btn uagb-btn-tablet__default-btn uagb-btn-mobile__default-btn uagb-block-0b8a5c2e\"><div class=\"uagb-buttons__wrap uagb-buttons-layout-wrap\"><\/div><\/div>\n\n\n\n<p class=\"has-text-align-center\"><strong><a href=\"https:\/\/escom-project.de\/wp-content\/uploads\/2024\/06\/ESCOM-Use-Case-Berger_Final2.pdf\" data-type=\"link\" data-id=\"https:\/\/escom-project.de\/wp-content\/uploads\/2024\/06\/ESCOM-Use-Case-Berger_Final2.pdf\">Click here for the document!<\/a><\/strong><\/p>\n<\/div>\n<\/div>","protected":false},"excerpt":{"rendered":"<p>Anwendungsfall Berger Holding GmbH &amp; Co. KG: Kugelgewindetrieb und Edge-Cloud-Umgebungen In der produzierenden Industrie bieten Edge-Cloud-Umgebungen enormes Potenzial f\u00fcr neue Gesch\u00e4ftsmodelle. Gro\u00dfe Datenmengen, die w\u00e4hrend&hellip;<\/p>","protected":false},"author":1,"featured_media":0,"parent":0,"menu_order":0,"comment_status":"closed","ping_status":"closed","template":"","meta":{"inline_featured_image":false,"_uag_custom_page_level_css":"","advgb_blocks_editor_width":"full","advgb_blocks_columns_visual_guide":"","footnotes":""},"class_list":["post-1456","page","type-page","status-publish","hentry"],"uagb_featured_image_src":{"full":false,"thumbnail":false,"medium":false,"medium_large":false,"large":false,"1536x1536":false,"2048x2048":false,"trp-custom-language-flag":false,"smart-post-landscape":false,"smart-post-portrait":false},"uagb_author_info":{"display_name":"media_root_hp","author_link":"https:\/\/escom-project.de\/en\/author\/media_root_hp\/"},"uagb_comment_info":0,"uagb_excerpt":"Anwendungsfall Berger Holding GmbH &amp; Co. KG: Kugelgewindetrieb und Edge-Cloud-Umgebungen In der produzierenden Industrie bieten Edge-Cloud-Umgebungen enormes Potenzial f\u00fcr neue Gesch\u00e4ftsmodelle. Gro\u00dfe Datenmengen, die w\u00e4hrend&hellip;","coauthors":[],"author_meta":{"author_link":"https:\/\/escom-project.de\/en\/author\/media_root_hp\/","display_name":"media_root_hp"},"relative_dates":{"created":"Posted 3 years ago","modified":"Updated 2 years ago"},"absolute_dates":{"created":"Posted on December 8, 2022","modified":"Updated on July 1, 2024"},"absolute_dates_time":{"created":"Posted on December 8, 2022 11:45 am","modified":"Updated on July 1, 2024 9:42 am"},"featured_img_caption":"","featured_img":false,"series_order":"","_links":{"self":[{"href":"https:\/\/escom-project.de\/en\/wp-json\/wp\/v2\/pages\/1456","targetHints":{"allow":["GET"]}}],"collection":[{"href":"https:\/\/escom-project.de\/en\/wp-json\/wp\/v2\/pages"}],"about":[{"href":"https:\/\/escom-project.de\/en\/wp-json\/wp\/v2\/types\/page"}],"author":[{"embeddable":true,"href":"https:\/\/escom-project.de\/en\/wp-json\/wp\/v2\/users\/1"}],"replies":[{"embeddable":true,"href":"https:\/\/escom-project.de\/en\/wp-json\/wp\/v2\/comments?post=1456"}],"version-history":[{"count":24,"href":"https:\/\/escom-project.de\/en\/wp-json\/wp\/v2\/pages\/1456\/revisions"}],"predecessor-version":[{"id":2482,"href":"https:\/\/escom-project.de\/en\/wp-json\/wp\/v2\/pages\/1456\/revisions\/2482"}],"wp:attachment":[{"href":"https:\/\/escom-project.de\/en\/wp-json\/wp\/v2\/media?parent=1456"}],"curies":[{"name":"wp","href":"https:\/\/api.w.org\/{rel}","templated":true}]}}